{"id":7,"date":"2018-07-18T12:11:08","date_gmt":"2018-07-18T09:11:08","guid":{"rendered":"http:\/\/ppdorganizasyon.com\/demo\/?page_id=7"},"modified":"2020-10-06T21:25:34","modified_gmt":"2020-10-06T18:25:34","slug":"anasayfa","status":"publish","type":"page","link":"http:\/\/ppdorganizasyon.com\/","title":{"rendered":""},"content":{"rendered":"<div id=\"pl-7\"  class=\"panel-layout\" ><div id=\"pg-7-0\"  class=\"panel-grid panel-has-style\" ><div class=\"siteorigin-panels-stretch panel-row-style panel-row-style-for-7-0\" data-stretch-type=\"full-stretched\" ><div id=\"pgc-7-0-0\"  class=\"panel-grid-cell\" ><div id=\"panel-7-0-0-0\" class=\"so-panel widget widget_sow-editor panel-first-child panel-last-child\" data-index=\"0\" ><div class=\"so-widget-sow-editor so-widget-sow-editor-base\">\n<div class=\"siteorigin-widget-tinymce textwidget\">\n\t<div style=\"display: none;\" class=\"crellyslider-slider crellyslider-slider-full-width crellyslider-slider-slayt crellyslider-1\" id=\"crellyslider-1\">\n<ul>\n<li\nstyle=\"\nbackground-color: transparent;\nbackground-image: url('http:\/\/ppdorganizasyon.com\/wp-content\/uploads\/2020\/09\/s4.jpg');\nbackground-position: center center;\nbackground-repeat: no-repeat;\nbackground-size: cover;\n\n\"\ndata-in=\"fadeRight\"\ndata-ease-in=\"1000\"\ndata-out=\"fadeRight\"\ndata-ease-out=\"1000\"\ndata-time=\"5000\"\n>\n<\/li>\n<li\nstyle=\"\nbackground-color: transparent;\nbackground-image: url('http:\/\/ppdorganizasyon.com\/wp-content\/uploads\/2020\/09\/s7.jpg');\nbackground-position: center center;\nbackground-repeat: no-repeat;\nbackground-size: cover;\n\n\"\ndata-in=\"fadeRight\"\ndata-ease-in=\"1000\"\ndata-out=\"slideLeft\"\ndata-ease-out=\"1000\"\ndata-time=\"5000\"\n>\n<img\nclass=\"\"\nsrc=\"\"\nalt=\"\"\nstyle=\"\nz-index: 1;\n\n\"\ndata-delay=\"0\"\ndata-ease-in=\"1300\"\ndata-ease-out=\"1300\"\ndata-in=\"fadeRight\"\ndata-out=\"fadeLeft\"\ndata-ignore-ease-out=\"0\"\ndata-top=\"153\"\ndata-left=\"225\"\ndata-time=\"all\"\n\/>\n<\/li>\n<li\nstyle=\"\nbackground-color: transparent;\nbackground-image: url('http:\/\/ppdorganizasyon.com\/wp-content\/uploads\/2020\/09\/s6.jpg');\nbackground-position: center center;\nbackground-repeat: no-repeat;\nbackground-size: cover;\n\n\"\ndata-in=\"fadeRight\"\ndata-ease-in=\"1000\"\ndata-out=\"fadeRight\"\ndata-ease-out=\"1000\"\ndata-time=\"5000\"\n>\n<\/li>\n<li\nstyle=\"\nbackground-color: transparent;\nbackground-image: url('http:\/\/ppdorganizasyon.com\/wp-content\/uploads\/2020\/09\/s9.jpg');\nbackground-position: center center;\nbackground-repeat: no-repeat;\nbackground-size: cover;\n\n\"\ndata-in=\"fadeRight\"\ndata-ease-in=\"1000\"\ndata-out=\"fadeRight\"\ndata-ease-out=\"1000\"\ndata-time=\"5000\"\n>\n<\/li>\n<\/ul>\n<\/div>\n<script type=\"text\/javascript\">\n(function($) {\n$(document).ready(function() {\n$(\"#crellyslider-1\").crellySlider({\nlayout: 'full-width',\nresponsive: 1,\nstartWidth: 1600,\nstartHeight: 550,\nautomaticSlide: 1,\nshowControls: 1,\nshowNavigation: 1,\nenableSwipe: 1,\nshowProgressBar: 0,\npauseOnHover: 1,\nrandomOrder: 0,\nstartFromSlide: 0,\nbeforeStart : function() {},\nbeforeSetResponsive : function() {},\nbeforeSlideStart : function() {},\nbeforePause\t: function() {},\nbeforeResume : function() {},\n});\n});\n})(jQuery);\n<\/script>\n\n<\/div>\n<\/div><\/div><\/div><\/div><\/div><div id=\"pg-7-1\"  class=\"panel-grid panel-no-style\" ><div id=\"pgc-7-1-0\"  class=\"panel-grid-cell panel-grid-cell-empty\" ><\/div><div id=\"pgc-7-1-1\"  class=\"panel-grid-cell\" ><div id=\"panel-7-1-1-0\" class=\"so-panel widget widget_sow-editor panel-first-child\" data-index=\"1\" ><div class=\"so-widget-sow-editor so-widget-sow-editor-base\">\n<div class=\"siteorigin-widget-tinymce textwidget\">\n\t<h3 style=\"text-align: center;\"><span style=\"color: #ff0000;\"><strong>PROMOSYON \u00dcR\u00dcNLER\u0130<\/strong><\/span><\/h3>\n<p style=\"text-align: center;\"><img loading=\"lazy\" class=\"alignnone wp-image-346 size-full\" src=\"http:\/\/ppdorganizasyon.com\/wp-content\/uploads\/2020\/09\/unnamed-1.png\" alt=\"\" width=\"512\" height=\"274\" srcset=\"http:\/\/ppdorganizasyon.com\/wp-content\/uploads\/2020\/09\/unnamed-1.png 512w, http:\/\/ppdorganizasyon.com\/wp-content\/uploads\/2020\/09\/unnamed-1-300x161.png 300w\" sizes=\"(max-width: 512px) 100vw, 512px\" \/><\/p>\n<\/div>\n<\/div><\/div><div id=\"panel-7-1-1-1\" class=\"so-panel widget widget_sow-editor panel-last-child\" data-index=\"2\" ><div class=\"panel-widget-style panel-widget-style-for-7-1-1-1\" ><div class=\"so-widget-sow-editor so-widget-sow-editor-base\">\n<div class=\"siteorigin-widget-tinymce textwidget\">\n\t<p>PPD Organizasyon,\u00a0 kalem, ajanda, saat, takvim, kalemlik, ti\u015f\u00f6rt, \u00e7anta, anahtarl\u0131k, \u015fapka, bardak ve daha bir\u00e7ok promosyon \u00fcr\u00fcnleri ile hizmetinizdedir.<\/p>\n<\/div>\n<\/div><\/div><\/div><\/div><div id=\"pgc-7-1-2\"  class=\"panel-grid-cell panel-grid-cell-mobile-last\" ><div id=\"panel-7-1-2-0\" class=\"so-panel widget widget_sow-editor panel-first-child\" data-index=\"3\" ><div class=\"so-widget-sow-editor so-widget-sow-editor-base\">\n<div class=\"siteorigin-widget-tinymce textwidget\">\n\t<h3 style=\"text-align: center;\"><span style=\"color: #ff0000;\"><strong>MASKE \u00dcRET\u0130M<\/strong><\/span><\/h3>\n<p style=\"text-align: center;\"><img loading=\"lazy\" class=\"alignnone wp-image-349 size-full\" src=\"http:\/\/ppdorganizasyon.com\/wp-content\/uploads\/2020\/09\/msk.jpg\" alt=\"\" width=\"512\" height=\"274\" srcset=\"http:\/\/ppdorganizasyon.com\/wp-content\/uploads\/2020\/09\/msk.jpg 512w, http:\/\/ppdorganizasyon.com\/wp-content\/uploads\/2020\/09\/msk-300x161.jpg 300w\" sizes=\"(max-width: 512px) 100vw, 512px\" \/><\/p>\n<\/div>\n<\/div><\/div><div id=\"panel-7-1-2-1\" class=\"so-panel widget widget_sow-editor panel-last-child\" data-index=\"4\" ><div class=\"panel-widget-style panel-widget-style-for-7-1-2-1\" ><div class=\"so-widget-sow-editor so-widget-sow-editor-base\">\n<div class=\"siteorigin-widget-tinymce textwidget\">\n\t<p>Firmam\u0131z medikal (Cerrahi) Maske \u00fcr\u00fcnlerini, kendi fabrikas\u0131nda kendi markas\u0131 ile \u00fcretmektedir. \u00dcretti\u011fi Medikal (Cerrahi) Maskeler, d\u00fcnya standartlar\u0131nda belirlenmi\u015f normlarla Full Ultrasonic olarak \u00fcretilmektedir. <\/p>\n<\/div>\n<\/div><\/div><\/div><\/div><div id=\"pgc-7-1-3\"  class=\"panel-grid-cell panel-grid-cell-empty\" ><\/div><\/div><div id=\"pg-7-2\"  class=\"panel-grid panel-has-style\" ><div class=\"panel-row-style panel-row-style-for-7-2\" ><div id=\"pgc-7-2-0\"  class=\"panel-grid-cell panel-grid-cell-empty\" ><\/div><div id=\"pgc-7-2-1\"  class=\"panel-grid-cell panel-grid-cell-mobile-last\" ><div id=\"panel-7-2-1-0\" class=\"so-panel widget widget_sow-editor panel-first-child panel-last-child\" data-index=\"5\" ><div class=\"so-widget-sow-editor so-widget-sow-editor-base\">\n<div class=\"siteorigin-widget-tinymce textwidget\">\n\t<div class=\"su-image-carousel  su-image-carousel-columns-4 su-image-carousel-has-spacing su-image-carousel-has-outline su-image-carousel-adaptive su-image-carousel-slides-style-default su-image-carousel-controls-style-dark su-image-carousel-align-none\" style=\"\" data-flickity-options='{\"groupCells\":true,\"cellSelector\":\".su-image-carousel-item\",\"adaptiveHeight\":true,\"cellAlign\":\"left\",\"prevNextButtons\":true,\"pageDots\":true,\"autoPlay\":5000,\"imagesLoaded\":true,\"contain\":false,\"selectedAttraction\":0.025,\"friction\":0.28}' id=\"su_image_carousel_69f58890ee496\"><div class=\"su-image-carousel-item\"><div class=\"su-image-carousel-item-content\"><img width=\"250\" height=\"250\" src=\"http:\/\/ppdorganizasyon.com\/wp-content\/uploads\/2020\/09\/kalem.jpg\" class=\"\" alt=\"\" loading=\"lazy\" srcset=\"http:\/\/ppdorganizasyon.com\/wp-content\/uploads\/2020\/09\/kalem.jpg 250w, http:\/\/ppdorganizasyon.com\/wp-content\/uploads\/2020\/09\/kalem-150x150.jpg 150w\" sizes=\"(max-width: 250px) 100vw, 250px\" \/><\/div><\/div><div class=\"su-image-carousel-item\"><div class=\"su-image-carousel-item-content\"><img width=\"250\" height=\"250\" src=\"http:\/\/ppdorganizasyon.com\/wp-content\/uploads\/2020\/09\/ajanda.jpg\" class=\"\" alt=\"\" loading=\"lazy\" srcset=\"http:\/\/ppdorganizasyon.com\/wp-content\/uploads\/2020\/09\/ajanda.jpg 250w, http:\/\/ppdorganizasyon.com\/wp-content\/uploads\/2020\/09\/ajanda-150x150.jpg 150w\" sizes=\"(max-width: 250px) 100vw, 250px\" \/><\/div><\/div><div class=\"su-image-carousel-item\"><div class=\"su-image-carousel-item-content\"><img width=\"250\" height=\"250\" src=\"http:\/\/ppdorganizasyon.com\/wp-content\/uploads\/2020\/09\/saat.jpg\" class=\"\" alt=\"\" loading=\"lazy\" srcset=\"http:\/\/ppdorganizasyon.com\/wp-content\/uploads\/2020\/09\/saat.jpg 250w, http:\/\/ppdorganizasyon.com\/wp-content\/uploads\/2020\/09\/saat-150x150.jpg 150w\" sizes=\"(max-width: 250px) 100vw, 250px\" \/><\/div><\/div><div class=\"su-image-carousel-item\"><div class=\"su-image-carousel-item-content\"><img width=\"250\" height=\"250\" src=\"http:\/\/ppdorganizasyon.com\/wp-content\/uploads\/2020\/09\/tsort.jpg\" class=\"\" alt=\"\" loading=\"lazy\" srcset=\"http:\/\/ppdorganizasyon.com\/wp-content\/uploads\/2020\/09\/tsort.jpg 250w, http:\/\/ppdorganizasyon.com\/wp-content\/uploads\/2020\/09\/tsort-150x150.jpg 150w\" sizes=\"(max-width: 250px) 100vw, 250px\" \/><\/div><\/div><div class=\"su-image-carousel-item\"><div class=\"su-image-carousel-item-content\"><img width=\"250\" height=\"250\" src=\"http:\/\/ppdorganizasyon.com\/wp-content\/uploads\/2020\/09\/anahtarlik.jpg\" class=\"\" alt=\"\" loading=\"lazy\" srcset=\"http:\/\/ppdorganizasyon.com\/wp-content\/uploads\/2020\/09\/anahtarlik.jpg 250w, http:\/\/ppdorganizasyon.com\/wp-content\/uploads\/2020\/09\/anahtarlik-150x150.jpg 150w\" sizes=\"(max-width: 250px) 100vw, 250px\" \/><\/div><\/div><div class=\"su-image-carousel-item\"><div class=\"su-image-carousel-item-content\"><img width=\"250\" height=\"250\" src=\"http:\/\/ppdorganizasyon.com\/wp-content\/uploads\/2020\/09\/bardak.jpg\" class=\"\" alt=\"\" loading=\"lazy\" srcset=\"http:\/\/ppdorganizasyon.com\/wp-content\/uploads\/2020\/09\/bardak.jpg 250w, http:\/\/ppdorganizasyon.com\/wp-content\/uploads\/2020\/09\/bardak-150x150.jpg 150w\" sizes=\"(max-width: 250px) 100vw, 250px\" \/><\/div><\/div><div class=\"su-image-carousel-item\"><div class=\"su-image-carousel-item-content\"><img width=\"250\" height=\"250\" src=\"http:\/\/ppdorganizasyon.com\/wp-content\/uploads\/2020\/09\/canta.jpg\" class=\"\" alt=\"\" loading=\"lazy\" srcset=\"http:\/\/ppdorganizasyon.com\/wp-content\/uploads\/2020\/09\/canta.jpg 250w, http:\/\/ppdorganizasyon.com\/wp-content\/uploads\/2020\/09\/canta-150x150.jpg 150w\" sizes=\"(max-width: 250px) 100vw, 250px\" \/><\/div><\/div><div class=\"su-image-carousel-item\"><div class=\"su-image-carousel-item-content\"><img width=\"250\" height=\"250\" src=\"http:\/\/ppdorganizasyon.com\/wp-content\/uploads\/2020\/09\/sapka.jpg\" class=\"\" alt=\"\" loading=\"lazy\" srcset=\"http:\/\/ppdorganizasyon.com\/wp-content\/uploads\/2020\/09\/sapka.jpg 250w, http:\/\/ppdorganizasyon.com\/wp-content\/uploads\/2020\/09\/sapka-150x150.jpg 150w\" sizes=\"(max-width: 250px) 100vw, 250px\" \/><\/div><\/div><\/div><script id=\"su_image_carousel_69f58890ee496_script\">if(window.SUImageCarousel){setTimeout(function() {window.SUImageCarousel.initGallery(document.getElementById(\"su_image_carousel_69f58890ee496\"))}, 0);}var su_image_carousel_69f58890ee496_script=document.getElementById(\"su_image_carousel_69f58890ee496_script\");if(su_image_carousel_69f58890ee496_script){su_image_carousel_69f58890ee496_script.parentNode.removeChild(su_image_carousel_69f58890ee496_script);}<\/script>\n<p>&nbsp;<\/p>\n<\/div>\n<\/div><\/div><\/div><div id=\"pgc-7-2-2\"  class=\"panel-grid-cell panel-grid-cell-empty\" ><\/div><\/div><\/div><\/div>","protected":false},"excerpt":{"rendered":"<p>PROMOSYON \u00dcR\u00dcNLER\u0130 PPD Organizasyon,\u00a0 kalem, ajanda, saat, takvim, kalemlik, ti\u015f\u00f6rt, \u00e7anta, anahtarl\u0131k, \u015fapka, bardak ve daha bir\u00e7ok promosyon \u00fcr\u00fcnleri ile hizmetinizdedir. MASKE \u00dcRET\u0130M Firmam\u0131z medikal (Cerrahi) Maske \u00fcr\u00fcnlerini, kendi fabrikas\u0131nda kendi markas\u0131 ile \u00fcretmektedir. \u00dcretti\u011fi Medikal (Cerrahi) Maskeler, d\u00fcnya standartlar\u0131nda belirlenmi\u015f normlarla Full Ultrasonic olarak \u00fcretilmektedir.<\/p>\n","protected":false},"author":1,"featured_media":0,"parent":0,"menu_order":0,"comment_status":"closed","ping_status":"closed","template":"templates\/page-builder.php","meta":[],"_links":{"self":[{"href":"http:\/\/ppdorganizasyon.com\/index.php\/wp-json\/wp\/v2\/pages\/7"}],"collection":[{"href":"http:\/\/ppdorganizasyon.com\/index.php\/wp-json\/wp\/v2\/pages"}],"about":[{"href":"http:\/\/ppdorganizasyon.com\/index.php\/wp-json\/wp\/v2\/types\/page"}],"author":[{"embeddable":true,"href":"http:\/\/ppdorganizasyon.com\/index.php\/wp-json\/wp\/v2\/users\/1"}],"replies":[{"embeddable":true,"href":"http:\/\/ppdorganizasyon.com\/index.php\/wp-json\/wp\/v2\/comments?post=7"}],"version-history":[{"count":91,"href":"http:\/\/ppdorganizasyon.com\/index.php\/wp-json\/wp\/v2\/pages\/7\/revisions"}],"predecessor-version":[{"id":488,"href":"http:\/\/ppdorganizasyon.com\/index.php\/wp-json\/wp\/v2\/pages\/7\/revisions\/488"}],"wp:attachment":[{"href":"http:\/\/ppdorganizasyon.com\/index.php\/wp-json\/wp\/v2\/media?parent=7"}],"curies":[{"name":"wp","href":"https:\/\/api.w.org\/{rel}","templated":true}]}}